{"id":29,"date":"2021-03-19T17:18:01","date_gmt":"2021-03-19T17:18:01","guid":{"rendered":"https:\/\/www.elastomer.kuraray.com\/pt\/downloads\/publications-german\/"},"modified":"2024-10-02T16:44:33","modified_gmt":"2024-10-02T15:44:33","slug":"publications-german","status":"publish","type":"page","link":"https:\/\/www.elastomer.kuraray.com\/pt\/downloads\/publications-german\/","title":{"rendered":"Publications German"},"content":{"rendered":"\n<div class=\"wp-block-columns is-layout-flex wp-container-core-columns-is-layout-9d6595d7 wp-block-columns-is-layout-flex\">\n<div class=\"wp-block-column is-layout-flow wp-block-column-is-layout-flow\">\n<h1 class=\"wp-block-heading\">Publications German<\/h1>\n<\/div>\n\n\n\n<div class=\"wp-block-column is-layout-flow wp-block-column-is-layout-flow\"><\/div>\n<\/div>\n\n\n\n<div class=\"wp-block-group columns-teaser has-vivid-green-cyan-background-color has-background\"><div class=\"wp-block-group__inner-container is-layout-flow wp-block-group-is-layout-flow\">\n<div class=\"wp-block-group tile_download has-pale-cyan-blue-background-color has-background\"><div class=\"wp-block-group__inner-container is-layout-flow wp-block-group-is-layout-flow\">\n<figure class=\"wp-block-image size-full download_img\"><img loading=\"lazy\" decoding=\"async\" width=\"704\" height=\"352\" src=\"https:\/\/www.elastomer.kuraray.com\/pt\/wp-content\/uploads\/sites\/6\/2024\/10\/1_Article_GAK_2_2014s.jpg\" alt=\"\" class=\"wp-image-957\"\/><\/figure>\n\n\n\n<h5 class=\"wp-block-heading\">Neue Polymere f\u00fcr nachhaltigere Produkte<\/h5>\n\n\n\n<div class=\"wp-block-file download_link\"><a id=\"wp-block-file--media-ba1e84d2-a2c1-4cf3-9c31-dc6d95d2355e\" href=\"https:\/\/www.elastomer.kuraray.com\/pt\/wp-content\/uploads\/sites\/6\/2024\/10\/1_Article_GAK_2_2014s.pdf\">1_Article_GAK_2_2014s<\/a><a href=\"https:\/\/www.elastomer.kuraray.com\/pt\/wp-content\/uploads\/sites\/6\/2024\/10\/1_Article_GAK_2_2014s.pdf\" class=\"wp-block-file__button wp-element-button\" download aria-describedby=\"wp-block-file--media-ba1e84d2-a2c1-4cf3-9c31-dc6d95d2355e\">Download<\/a><\/div>\n<\/div><\/div>\n\n\n\n<div class=\"wp-block-group tile_download has-pale-cyan-blue-background-color has-background\"><div class=\"wp-block-group__inner-container is-layout-flow wp-block-group-is-layout-flow\">\n<figure class=\"wp-block-image size-full download_img\"><img loading=\"lazy\" decoding=\"async\" width=\"704\" height=\"352\" src=\"https:\/\/www.elastomer.kuraray.com\/pt\/wp-content\/uploads\/sites\/6\/2024\/10\/2_Article_GAK_4_2005s.jpg\" alt=\"\" class=\"wp-image-958\"\/><\/figure>\n\n\n\n<h5 class=\"wp-block-heading\">SEPTON V- Ein HSBC (hydrogenated styrenic block co-ploymer) mit reaktiven Hart-Bl\u00f6cken<\/h5>\n\n\n\n<div class=\"wp-block-file download_link\"><a id=\"wp-block-file--media-95ee78c2-579b-447a-97cd-bf52e18692e2\" href=\"https:\/\/www.elastomer.kuraray.com\/pt\/wp-content\/uploads\/sites\/6\/2024\/10\/2_Article_GAK_4_2005s.pdf\">2_Article_GAK_4_2005s<\/a><a href=\"https:\/\/www.elastomer.kuraray.com\/pt\/wp-content\/uploads\/sites\/6\/2024\/10\/2_Article_GAK_4_2005s.pdf\" class=\"wp-block-file__button wp-element-button\" download aria-describedby=\"wp-block-file--media-95ee78c2-579b-447a-97cd-bf52e18692e2\">Download<\/a><\/div>\n<\/div><\/div>\n\n\n\n<div class=\"wp-block-group tile_download has-pale-cyan-blue-background-color has-background\"><div class=\"wp-block-group__inner-container is-layout-flow wp-block-group-is-layout-flow\">\n<figure class=\"wp-block-image size-full download_img\"><img loading=\"lazy\" decoding=\"async\" width=\"704\" height=\"352\" src=\"https:\/\/www.elastomer.kuraray.com\/pt\/wp-content\/uploads\/sites\/6\/2024\/10\/3_Article_GAK_6_2009s.jpg\" alt=\"\" class=\"wp-image-959\"\/><\/figure>\n\n\n\n<h5 class=\"wp-block-heading\">Fl\u00fcssigkautschuke (LIR) als vernetzbare Weichmacher<\/h5>\n\n\n\n<div class=\"wp-block-file download_link\"><a id=\"wp-block-file--media-7ce84aee-7e36-4aa3-94de-6bf9685b74bb\" href=\"https:\/\/www.elastomer.kuraray.com\/pt\/wp-content\/uploads\/sites\/6\/2024\/10\/3_Article_GAK_6_2009s.pdf\">3_Article_GAK_6_2009s<\/a><a href=\"https:\/\/www.elastomer.kuraray.com\/pt\/wp-content\/uploads\/sites\/6\/2024\/10\/3_Article_GAK_6_2009s.pdf\" class=\"wp-block-file__button wp-element-button\" download aria-describedby=\"wp-block-file--media-7ce84aee-7e36-4aa3-94de-6bf9685b74bb\">Download<\/a><\/div>\n<\/div><\/div>\n\n\n\n<div class=\"wp-block-group tile_download has-pale-cyan-blue-background-color has-background\"><div class=\"wp-block-group__inner-container is-layout-flow wp-block-group-is-layout-flow\">\n<figure class=\"wp-block-image size-full download_img\"><img loading=\"lazy\" decoding=\"async\" width=\"704\" height=\"352\" src=\"https:\/\/www.elastomer.kuraray.com\/pt\/wp-content\/uploads\/sites\/6\/2024\/10\/4_Article_GAK_9_2010s.jpg\" alt=\"\" class=\"wp-image-960\"\/><\/figure>\n\n\n\n<h5 class=\"wp-block-heading\">Funktionalisierte fl\u00fcssige Kautschuke<\/h5>\n\n\n\n<div class=\"wp-block-file download_link\"><a id=\"wp-block-file--media-6167d4a6-3216-405a-935c-34c325bb5a7c\" href=\"https:\/\/www.elastomer.kuraray.com\/pt\/wp-content\/uploads\/sites\/6\/2024\/10\/4_Article_GAK_9_2010s.pdf\">4_Article_GAK_9_2010s<\/a><a href=\"https:\/\/www.elastomer.kuraray.com\/pt\/wp-content\/uploads\/sites\/6\/2024\/10\/4_Article_GAK_9_2010s.pdf\" class=\"wp-block-file__button wp-element-button\" download aria-describedby=\"wp-block-file--media-6167d4a6-3216-405a-935c-34c325bb5a7c\">Download<\/a><\/div>\n<\/div><\/div>\n\n\n\n<div class=\"wp-block-group tile_download has-pale-cyan-blue-background-color has-background\"><div class=\"wp-block-group__inner-container is-layout-flow wp-block-group-is-layout-flow\">\n<figure class=\"wp-block-image size-full download_img\"><img loading=\"lazy\" decoding=\"async\" width=\"704\" height=\"352\" src=\"https:\/\/www.elastomer.kuraray.com\/pt\/wp-content\/uploads\/sites\/6\/2024\/10\/5_Article_GAK_10_2011s.jpg\" alt=\"\" class=\"wp-image-961\"\/><\/figure>\n\n\n\n<h5 class=\"wp-block-heading\">Effekte von co-vulkanisierbaren Weichmachern<\/h5>\n\n\n\n<div class=\"wp-block-file download_link\"><a id=\"wp-block-file--media-f3d942b1-56e5-4c5b-8049-927e18ac71c8\" href=\"https:\/\/www.elastomer.kuraray.com\/pt\/wp-content\/uploads\/sites\/6\/2024\/10\/5_Article_GAK_10_2011s.pdf\">5_Article_GAK_10_2011s<\/a><a href=\"https:\/\/www.elastomer.kuraray.com\/pt\/wp-content\/uploads\/sites\/6\/2024\/10\/5_Article_GAK_10_2011s.pdf\" class=\"wp-block-file__button wp-element-button\" download aria-describedby=\"wp-block-file--media-f3d942b1-56e5-4c5b-8049-927e18ac71c8\">Download<\/a><\/div>\n<\/div><\/div>\n\n\n\n<div class=\"wp-block-group tile_download has-pale-cyan-blue-background-color has-background\"><div class=\"wp-block-group__inner-container is-layout-flow wp-block-group-is-layout-flow\">\n<figure class=\"wp-block-image size-full download_img\"><img loading=\"lazy\" decoding=\"async\" width=\"704\" height=\"352\" src=\"https:\/\/www.elastomer.kuraray.com\/pt\/wp-content\/uploads\/sites\/6\/2024\/10\/6_Article_PUM_5_2010s.jpg\" alt=\"\" class=\"wp-image-962\"\/><\/figure>\n\n\n\n<h5 class=\"wp-block-heading\">TPUs mit konstanter Schmelzviskosit\u00e4t<\/h5>\n\n\n\n<div class=\"wp-block-file download_link\"><a id=\"wp-block-file--media-46128c28-a88e-4eca-9b56-8c07829276fd\" href=\"https:\/\/www.elastomer.kuraray.com\/pt\/wp-content\/uploads\/sites\/6\/2024\/10\/6_Article_PUM_5_2010s.pdf\">6_Article_PUM_5_2010s<\/a><a href=\"https:\/\/www.elastomer.kuraray.com\/pt\/wp-content\/uploads\/sites\/6\/2024\/10\/6_Article_PUM_5_2010s.pdf\" class=\"wp-block-file__button wp-element-button\" download aria-describedby=\"wp-block-file--media-46128c28-a88e-4eca-9b56-8c07829276fd\">Download<\/a><\/div>\n<\/div><\/div>\n<\/div><\/div>\n","protected":false},"excerpt":{"rendered":"<p>Publications German Neue Polymere f\u00fcr nachhaltigere Produkte SEPTON V- Ein HSBC (hydrogenated styrenic block co-ploymer) mit reaktiven Hart-Bl\u00f6cken Fl\u00fcssigkautschuke (LIR) als vernetzbare Weichmacher Funktionalisierte fl\u00fcssige Kautschuke Effekte von co-vulkanisierbaren Weichmachern TPUs mit konstanter Schmelzviskosit\u00e4t<br class=\"break-more-link\"><br class=\"break-more-link\"><a href=\"https:\/\/www.elastomer.kuraray.com\/pt\/downloads\/publications-german\/\" class=\"more-link\">Leia mais<\/a><\/p>\n","protected":false},"author":7,"featured_media":27,"parent":11,"menu_order":0,"comment_status":"closed","ping_status":"closed","template":"","meta":{"_acf_changed":false,"footnotes":""},"class_list":["post-29","page","type-page","status-publish","has-post-thumbnail","hentry"],"acf":[],"_links":{"self":[{"href":"https:\/\/www.elastomer.kuraray.com\/pt\/wp-json\/wp\/v2\/pages\/29","targetHints":{"allow":["GET"]}}],"collection":[{"href":"https:\/\/www.elastomer.kuraray.com\/pt\/wp-json\/wp\/v2\/pages"}],"about":[{"href":"https:\/\/www.elastomer.kuraray.com\/pt\/wp-json\/wp\/v2\/types\/page"}],"author":[{"embeddable":true,"href":"https:\/\/www.elastomer.kuraray.com\/pt\/wp-json\/wp\/v2\/users\/7"}],"replies":[{"embeddable":true,"href":"https:\/\/www.elastomer.kuraray.com\/pt\/wp-json\/wp\/v2\/comments?post=29"}],"version-history":[{"count":0,"href":"https:\/\/www.elastomer.kuraray.com\/pt\/wp-json\/wp\/v2\/pages\/29\/revisions"}],"up":[{"embeddable":true,"href":"https:\/\/www.elastomer.kuraray.com\/pt\/wp-json\/wp\/v2\/pages\/11"}],"wp:featuredmedia":[{"embeddable":true,"href":"https:\/\/www.elastomer.kuraray.com\/pt\/wp-json\/wp\/v2\/media\/27"}],"wp:attachment":[{"href":"https:\/\/www.elastomer.kuraray.com\/pt\/wp-json\/wp\/v2\/media?parent=29"}],"curies":[{"name":"wp","href":"https:\/\/api.w.org\/{rel}","templated":true}]}}