{"id":186,"date":"2021-03-05T15:55:42","date_gmt":"2021-03-05T14:55:42","guid":{"rendered":"https:\/\/www.elastomer.kuraray.com\/es\/executives\/"},"modified":"2025-09-12T03:38:59","modified_gmt":"2025-09-12T01:38:59","slug":"executives","status":"publish","type":"page","link":"https:\/\/www.elastomer.kuraray.com\/es\/executives\/","title":{"rendered":"Equipo ejecutivo"},"content":{"rendered":"\n<h1 class=\"wp-block-heading\">Directores<\/h1>\n\n\n\n<div class=\"wp-block-columns has-light-green-cyan-background-color has-background is-layout-flex wp-container-core-columns-is-layout-9d6595d7 wp-block-columns-is-layout-flex\">\n<div class=\"wp-block-column col_profile is-layout-flow wp-block-column-is-layout-flow\" style=\"flex-basis:140px\">\n<figure class=\"wp-block-gallery has-nested-images columns-default is-cropped wp-block-gallery-1 is-layout-flex wp-block-gallery-is-layout-flex\">\n<figure class=\"wp-block-image size-full is-style-rounded\"><img loading=\"lazy\" decoding=\"async\" width=\"200\" height=\"200\" data-id=\"734\" src=\"https:\/\/www.elastomer.kuraray.com\/es\/wp-content\/uploads\/sites\/5\/2024\/06\/yoji-Ikemori-managing-executive-officer-resize-2.jpg\" alt=\"\" class=\"wp-image-734\"\/><\/figure>\n<\/figure>\n<\/div>\n\n\n\n<div class=\"wp-block-column col_executive is-layout-flow wp-block-column-is-layout-flow\" style=\"flex-basis:400px\">\n<h3 class=\"wp-block-heading\">Yoji Ikemori<\/h3>\n\n\n\n<p>Director y Director Ejecutivo Gerente, <br>Presidente de Isoprene Company<\/p>\n<\/div>\n<\/div>\n\n\n\n<div class=\"wp-block-columns has-light-green-cyan-background-color has-background is-layout-flex wp-container-core-columns-is-layout-9d6595d7 wp-block-columns-is-layout-flex\">\n<div class=\"wp-block-column col_profile is-layout-flow wp-block-column-is-layout-flow\" style=\"flex-basis:140px\">\n<figure class=\"wp-block-image size-full is-style-rounded\"><img loading=\"lazy\" decoding=\"async\" width=\"200\" height=\"200\" src=\"https:\/\/www.elastomer.kuraray.com\/es\/wp-content\/uploads\/sites\/5\/2024\/06\/Shiro_Kishii.jpg\" alt=\"\" class=\"wp-image-733\"\/><\/figure>\n<\/div>\n\n\n\n<div class=\"wp-block-column col_executive is-layout-flow wp-block-column-is-layout-flow\" style=\"flex-basis:400px\">\n<h3 class=\"wp-block-heading\">Shiro Kishii<\/h3>\n\n\n\n<p>Director General de la Unidad de Negocio Elast\u00f3meros Global<\/p>\n<\/div>\n<\/div>\n\n\n\n<div class=\"wp-block-columns has-light-green-cyan-background-color has-background is-layout-flex wp-container-core-columns-is-layout-9d6595d7 wp-block-columns-is-layout-flex\">\n<div class=\"wp-block-column col_profile is-layout-flow wp-block-column-is-layout-flow\" style=\"flex-basis:140px\">\n<figure class=\"wp-block-image size-full is-style-rounded\"><img loading=\"lazy\" decoding=\"async\" width=\"200\" height=\"200\" src=\"https:\/\/www.elastomer.kuraray.com\/es\/wp-content\/uploads\/sites\/5\/2024\/06\/Brian_Chapman.jpg\" alt=\"\" class=\"wp-image-732\"\/><\/figure>\n<\/div>\n\n\n\n<div class=\"wp-block-column col_executive is-layout-flow wp-block-column-is-layout-flow\" style=\"flex-basis:400px\">\n<h3 class=\"wp-block-heading\">Dr. Brian Chapman<\/h3>\n\n\n\n<p>Director General de la Unidad de Negocio Elast\u00f3meros Am\u00e9rica<\/p>\n<\/div>\n<\/div>\n\n\n\n<div class=\"wp-block-columns has-light-green-cyan-background-color has-background is-layout-flex wp-container-core-columns-is-layout-9d6595d7 wp-block-columns-is-layout-flex\">\n<div class=\"wp-block-column col_profile is-layout-flow wp-block-column-is-layout-flow\" style=\"flex-basis:140px\">\n<figure class=\"wp-block-image size-full is-style-rounded\"><img loading=\"lazy\" decoding=\"async\" width=\"200\" height=\"200\" src=\"https:\/\/www.elastomer.kuraray.com\/es\/wp-content\/uploads\/sites\/5\/2025\/04\/Daisuke_Noguchi.jpg\" alt=\"\" class=\"wp-image-1112\"\/><\/figure>\n<\/div>\n\n\n\n<div class=\"wp-block-column col_executive is-layout-flow wp-block-column-is-layout-flow\" style=\"flex-basis:400px\">\n<h3 class=\"wp-block-heading\">Daisuke Noguchi<\/h3>\n\n\n\n<p>Director General de la Unidad de Negocio Elast\u00f3meros EMEA<\/p>\n<\/div>\n<\/div>\n\n\n","protected":false},"excerpt":{"rendered":"<p>Directores Yoji Ikemori Director y Director Ejecutivo Gerente, Presidente de Isoprene Company Shiro Kishii Director General de la Unidad de Negocio Elast\u00f3meros Global Dr. Brian Chapman Director General de la Unidad de Negocio Elast\u00f3meros Am\u00e9rica Daisuke Noguchi Director General de la Unidad de Negocio Elast\u00f3meros EMEA<br class=\"break-more-link\"><br class=\"break-more-link\"><a href=\"https:\/\/www.elastomer.kuraray.com\/es\/executives\/\" class=\"more-link\">Leer m\u00e1s<\/a><\/p>\n","protected":false},"author":7,"featured_media":183,"parent":0,"menu_order":0,"comment_status":"closed","ping_status":"closed","template":"","meta":{"_acf_changed":false,"footnotes":""},"class_list":["post-186","page","type-page","status-publish","has-post-thumbnail","hentry"],"acf":[],"_links":{"self":[{"href":"https:\/\/www.elastomer.kuraray.com\/es\/wp-json\/wp\/v2\/pages\/186","targetHints":{"allow":["GET"]}}],"collection":[{"href":"https:\/\/www.elastomer.kuraray.com\/es\/wp-json\/wp\/v2\/pages"}],"about":[{"href":"https:\/\/www.elastomer.kuraray.com\/es\/wp-json\/wp\/v2\/types\/page"}],"author":[{"embeddable":true,"href":"https:\/\/www.elastomer.kuraray.com\/es\/wp-json\/wp\/v2\/users\/7"}],"replies":[{"embeddable":true,"href":"https:\/\/www.elastomer.kuraray.com\/es\/wp-json\/wp\/v2\/comments?post=186"}],"version-history":[{"count":0,"href":"https:\/\/www.elastomer.kuraray.com\/es\/wp-json\/wp\/v2\/pages\/186\/revisions"}],"wp:featuredmedia":[{"embeddable":true,"href":"https:\/\/www.elastomer.kuraray.com\/es\/wp-json\/wp\/v2\/media\/183"}],"wp:attachment":[{"href":"https:\/\/www.elastomer.kuraray.com\/es\/wp-json\/wp\/v2\/media?parent=186"}],"curies":[{"name":"wp","href":"https:\/\/api.w.org\/{rel}","templated":true}]}}