{"id":178,"date":"2021-03-05T15:58:16","date_gmt":"2021-03-05T14:58:16","guid":{"rendered":"https:\/\/www.elastomer.kuraray.com\/es\/history\/"},"modified":"2025-10-31T02:18:38","modified_gmt":"2025-10-31T01:18:38","slug":"history","status":"publish","type":"page","link":"https:\/\/www.elastomer.kuraray.com\/es\/history\/","title":{"rendered":"Historia"},"content":{"rendered":"\n<div class=\"wp-block-columns is-layout-flex wp-container-core-columns-is-layout-9d6595d7 wp-block-columns-is-layout-flex\">\n<div class=\"wp-block-column col_short is-layout-flow wp-block-column-is-layout-flow\">\n<h1 class=\"wp-block-heading\">Historia<\/h1>\n\n\n\n<div class=\"wp-block-group holder_author has-light-green-cyan-background-color has-background\"><div class=\"wp-block-group__inner-container is-layout-constrained wp-block-group-is-layout-constrained\"><div class=\"wp-block-post-author\"><div class=\"wp-block-post-author__content\"><p class=\"wp-block-post-author__byline\">Autor<\/p><p class=\"wp-block-post-author__name\"><a href=\"https:\/\/www.elastomer.kuraray.com\/es\/author\/robin-conrad\/\" target=\"_self\">Robin Conrad<\/a><\/p><\/div><\/div><\/div><\/div>\n\n\n\n<p class=\"copy_big\">La historia de la divisi\u00f3n de Elast\u00f3meros de Kuraray tiene sus inicios en 1972 con la producci\u00f3n del caucho de poli isopreno en la planta de Kashima. Desde la primera l\u00ednea de producci\u00f3n, la Divisi\u00f3n de Elast\u00f3meros mostr\u00f3 un constante crecimiento e invent\u00f3 nuevos productos como <a href=\"https:\/\/www.elastomer.kuraray.com\/es\/products\/septon\/\"><strong>SEPTON\u2122<\/strong><\/a>, <a href=\"https:\/\/www.elastomer.kuraray.com\/es\/products\/hybrar\/\"><strong>HYBRAR\u2122<\/strong><\/a> y KURARITY\u2122.<\/p>\n\n\n\n<p class=\"copy_big\">Kuraray se esfuerza por desarrollar nuevos e innovadores productos de alta gama para sus clientes alrededor del mundo.<\/p>\n<\/div>\n\n\n\n<div class=\"wp-block-column is-layout-flow wp-block-column-is-layout-flow\">\n<figure class=\"wp-block-image size-full\"><img loading=\"lazy\" decoding=\"async\" width=\"740\" height=\"416\" src=\"https:\/\/www.elastomer.kuraray.com\/es\/wp-content\/uploads\/sites\/5\/2024\/06\/kuraray-elastomer-chemistry-industry-thermoplastic-history.jpg\" alt=\"\" class=\"wp-image-754\"\/><\/figure>\n<\/div>\n<\/div>\n\n\n\n<div class=\"wp-block-columns col_benefits has-pale-cyan-blue-background-color has-background is-layout-flex wp-container-core-columns-is-layout-9d6595d7 wp-block-columns-is-layout-flex\" id=\"features\">\n<div class=\"wp-block-column is-layout-flow wp-block-column-is-layout-flow\" style=\"flex-basis:50%\">\n<figure class=\"wp-block-image size-full icon_benefit\"><img decoding=\"async\" src=\"https:\/\/www.elastomer.kuraray.com\/es\/wp-content\/uploads\/sites\/5\/2024\/05\/icon_feature1.svg\" alt=\"\" class=\"wp-image-523\"\/><\/figure>\n\n\n\n<div class=\"wp-block-group tile_white tile_benefit has-white-background-color has-background\"><div class=\"wp-block-group__inner-container is-layout-flow wp-block-group-is-layout-flow\">\n<h4 class=\"wp-block-heading has-text-color\" style=\"color:#00b0e9\">2015<\/h4>\n\n\n\n<p>Lanzamiento de <a href=\"https:\/\/www.elastomer.kuraray.com\/es\/products\/septon-j-series\/\"><strong>SEPTON\u2122 J-series<\/strong><\/a><\/p>\n\n\n\n<h4 class=\"wp-block-heading has-text-color\" style=\"color:#00b0e9\">2013<\/h4>\n\n\n\n<p>Asociaci\u00f3n con Amyris para reemplazar materiales de proceso derivados del petr\u00f3leo en la producci\u00f3n de pol\u00edmeros de alto rendimiento para uso en llantas, adhesivos, selladores y otros componentes<\/p>\n\n\n\n<h4 class=\"wp-block-heading has-text-color\" style=\"color:#00b0e9\">2011<\/h4>\n\n\n\n<p>Inicio de la producci\u00f3n de KURARITY\u2122 (elast\u00f3mero termopl\u00e1stico de acr\u00edlico) en la Planta de Niigata en Jap\u00f3n.<\/p>\n\n\n\n<h4 class=\"wp-block-heading has-text-color\" style=\"color:#00b0e9\">2004<\/h4>\n\n\n\n<p>Apertura del Centro T\u00e9cnico y de Investigaci\u00f3n de Kuraray (KRTC, por sus siglas en ingl\u00e9s) en Pasadena, Texas<\/p>\n\n\n\n<h4 class=\"wp-block-heading has-text-color\" style=\"color:#00b0e9\">2003<\/h4>\n\n\n\n<p>Lanzamiento de <a href=\"https:\/\/www.elastomer.kuraray.com\/es\/products\/septon-q-series-insulated-cable-material\/\"><strong>SEPTON\u2122 Q-series<\/strong><\/a><\/p>\n\n\n\n<p>Establecimiento de la planta piloto de KURARITY\u2122<\/p>\n\n\n\n<h4 class=\"wp-block-heading has-text-color\" style=\"color:#00b0e9\">2002<\/h4>\n\n\n\n<p>SEPTON Company of America en Pasadena (desde 2008: Kuraray America Inc.) inici\u00f3 la manufactura de <a href=\"https:\/\/www.elastomer.kuraray.com\/es\/products\/septon\/\"><strong>SEPTON\u2122<\/strong><\/a> con una capacidad de 12,000 toneladas m\u00e9tricas por a\u00f1o<\/p>\n\n\n\n<h4 class=\"wp-block-heading has-text-color\" style=\"color:#00b0e9\">2001<\/h4>\n\n\n\n<p>Lanzamiento de <a href=\"https:\/\/www.elastomer.kuraray.com\/es\/products\/septon-v-series\/\"><strong>SEPTON\u2122 V-series<\/strong><\/a><\/p>\n<\/div><\/div>\n<\/div>\n\n\n\n<div class=\"wp-block-column is-layout-flow wp-block-column-is-layout-flow\" style=\"flex-basis:50%\">\n<figure class=\"wp-block-image size-full icon_benefit\"><img decoding=\"async\" src=\"https:\/\/www.elastomer.kuraray.com\/es\/wp-content\/uploads\/sites\/5\/2024\/04\/icon_feature.svg\" alt=\"\" class=\"wp-image-352\"\/><\/figure>\n\n\n\n<div class=\"wp-block-group tile_white tile_benefit has-white-background-color has-background\"><div class=\"wp-block-group__inner-container is-layout-flow wp-block-group-is-layout-flow\">\n<h4 class=\"wp-block-heading has-text-color\" style=\"color:#00b0e9\">1992<\/h4>\n\n\n\n<p>Comercializaci\u00f3n de <a href=\"https:\/\/www.elastomer.kuraray.com\/es\/products\/hybrar\/\"><strong>HYBRAR\u2122<\/strong><\/a><\/p>\n\n\n\n<h4 class=\"wp-block-heading has-text-color\" style=\"color:#00b0e9\">1990<\/h4>\n\n\n\n<p>Comercializaci\u00f3n del elast\u00f3mero termopl\u00e1stico <a href=\"https:\/\/www.elastomer.kuraray.com\/es\/products\/septon\/\"><strong>SEPTON\u2122<\/strong><\/a> (Kashima)<\/p>\n\n\n\n<h4 class=\"wp-block-heading has-text-color\" style=\"color:#00b0e9\">1974<\/h4>\n\n\n\n<p>Desarrollo de nuevos materiales de caucho fabricados a partir de qu\u00edmica de isopreno<\/p>\n\n\n\n<h4 class=\"wp-block-heading has-text-color\" style=\"color:#00b0e9\">1972<\/h4>\n\n\n\n<p>Inicio de la producci\u00f3n del caucho de poli isopreno en la Planta Kashima<\/p>\n<\/div><\/div>\n<\/div>\n<\/div>\n\n\n","protected":false},"excerpt":{"rendered":"<p>Historia La historia de la divisi\u00f3n de Elast\u00f3meros de Kuraray tiene sus inicios en 1972 con la producci\u00f3n del caucho de poli isopreno en la planta de Kashima. Desde la primera l\u00ednea de producci\u00f3n, la Divisi\u00f3n de Elast\u00f3meros mostr\u00f3 un constante crecimiento e invent\u00f3 nuevos productos como SEPTON\u2122, HYBRAR\u2122 y KURARITY\u2122. Kuraray se esfuerza por [&hellip;]<br class=\"break-more-link\"><br class=\"break-more-link\"><a href=\"https:\/\/www.elastomer.kuraray.com\/es\/history\/\" class=\"more-link\">Leer m\u00e1s<\/a><\/p>\n","protected":false},"author":7,"featured_media":179,"parent":0,"menu_order":0,"comment_status":"closed","ping_status":"closed","template":"","meta":{"_acf_changed":false,"footnotes":""},"class_list":["post-178","page","type-page","status-publish","has-post-thumbnail","hentry"],"acf":[],"_links":{"self":[{"href":"https:\/\/www.elastomer.kuraray.com\/es\/wp-json\/wp\/v2\/pages\/178","targetHints":{"allow":["GET"]}}],"collection":[{"href":"https:\/\/www.elastomer.kuraray.com\/es\/wp-json\/wp\/v2\/pages"}],"about":[{"href":"https:\/\/www.elastomer.kuraray.com\/es\/wp-json\/wp\/v2\/types\/page"}],"author":[{"embeddable":true,"href":"https:\/\/www.elastomer.kuraray.com\/es\/wp-json\/wp\/v2\/users\/7"}],"replies":[{"embeddable":true,"href":"https:\/\/www.elastomer.kuraray.com\/es\/wp-json\/wp\/v2\/comments?post=178"}],"version-history":[{"count":0,"href":"https:\/\/www.elastomer.kuraray.com\/es\/wp-json\/wp\/v2\/pages\/178\/revisions"}],"wp:featuredmedia":[{"embeddable":true,"href":"https:\/\/www.elastomer.kuraray.com\/es\/wp-json\/wp\/v2\/media\/179"}],"wp:attachment":[{"href":"https:\/\/www.elastomer.kuraray.com\/es\/wp-json\/wp\/v2\/media?parent=178"}],"curies":[{"name":"wp","href":"https:\/\/api.w.org\/{rel}","templated":true}]}}