{"id":139,"date":"2021-03-19T17:18:01","date_gmt":"2021-03-19T16:18:01","guid":{"rendered":"https:\/\/www.elastomer.kuraray.com\/es\/downloads\/publications-german\/"},"modified":"2024-06-07T18:05:20","modified_gmt":"2024-06-07T16:05:20","slug":"publications-german","status":"publish","type":"page","link":"https:\/\/www.elastomer.kuraray.com\/es\/downloads\/publications-german\/","title":{"rendered":"Publications German"},"content":{"rendered":"\n<div class=\"wp-block-columns is-layout-flex wp-container-core-columns-is-layout-9d6595d7 wp-block-columns-is-layout-flex\">\n<div class=\"wp-block-column is-layout-flow wp-block-column-is-layout-flow\">\n<h1 class=\"wp-block-heading\">Publications German<\/h1>\n<\/div>\n\n\n\n<div class=\"wp-block-column is-layout-flow wp-block-column-is-layout-flow\"><\/div>\n<\/div>\n\n\n\n<div class=\"wp-block-group columns-teaser has-vivid-green-cyan-background-color has-background\"><div class=\"wp-block-group__inner-container is-layout-flow wp-block-group-is-layout-flow\">\n<div class=\"wp-block-group tile_download has-pale-cyan-blue-background-color has-background\"><div class=\"wp-block-group__inner-container is-layout-flow wp-block-group-is-layout-flow\">\n<figure class=\"wp-block-image size-full download_img\"><img loading=\"lazy\" decoding=\"async\" width=\"704\" height=\"352\" src=\"https:\/\/www.elastomer.kuraray.com\/es\/wp-content\/uploads\/sites\/5\/2024\/06\/1_Article_GAK_2_2014s.jpg\" alt=\"\" class=\"wp-image-917\" \/><\/figure>\n\n\n\n<h5 class=\"wp-block-heading\">Neue Polymere f\u00fcr nachhaltigere Produkte<\/h5>\n\n\n\n<div class=\"wp-block-file download_link\"><a href=\"https:\/\/www.elastomer.kuraray.com\/es\/wp-content\/uploads\/sites\/5\/2024\/06\/1_Article_GAK_2_2014s.pdf\" class=\"wp-block-file__button wp-element-button\" download>Download<\/a><\/div>\n<\/div><\/div>\n\n\n\n<div class=\"wp-block-group tile_download has-pale-cyan-blue-background-color has-background\"><div class=\"wp-block-group__inner-container is-layout-flow wp-block-group-is-layout-flow\">\n<figure class=\"wp-block-image size-full download_img\"><img loading=\"lazy\" decoding=\"async\" width=\"704\" height=\"352\" src=\"https:\/\/www.elastomer.kuraray.com\/es\/wp-content\/uploads\/sites\/5\/2024\/06\/2_Article_GAK_4_2005s.jpg\" alt=\"\" class=\"wp-image-916\" \/><\/figure>\n\n\n\n<h5 class=\"wp-block-heading\">SEPTON V- Ein HSBC (hydrogenated styrenic block co-ploymer) mit reaktiven Hart-Bl\u00f6cken<\/h5>\n\n\n\n<div class=\"wp-block-file download_link\"><a href=\"https:\/\/www.elastomer.kuraray.com\/es\/wp-content\/uploads\/sites\/5\/2024\/06\/2_Article_GAK_4_2005s.pdf\" class=\"wp-block-file__button wp-element-button\" download>Download<\/a><\/div>\n<\/div><\/div>\n\n\n\n<div class=\"wp-block-group tile_download has-pale-cyan-blue-background-color has-background\"><div class=\"wp-block-group__inner-container is-layout-flow wp-block-group-is-layout-flow\">\n<figure class=\"wp-block-image size-full download_img\"><img loading=\"lazy\" decoding=\"async\" width=\"704\" height=\"352\" src=\"https:\/\/www.elastomer.kuraray.com\/es\/wp-content\/uploads\/sites\/5\/2024\/06\/3_Article_GAK_6_2009s.jpg\" alt=\"\" class=\"wp-image-915\" \/><\/figure>\n\n\n\n<h5 class=\"wp-block-heading\">Fl\u00fcssigkautschuke (LIR) als vernetzbare Weichmacher<\/h5>\n\n\n\n<div class=\"wp-block-file download_link\"><a href=\"https:\/\/www.elastomer.kuraray.com\/es\/wp-content\/uploads\/sites\/5\/2024\/06\/3_Article_GAK_6_2009s.pdf\" class=\"wp-block-file__button wp-element-button\" download>Download<\/a><\/div>\n<\/div><\/div>\n\n\n\n<div class=\"wp-block-group tile_download has-pale-cyan-blue-background-color has-background\"><div class=\"wp-block-group__inner-container is-layout-flow wp-block-group-is-layout-flow\">\n<figure class=\"wp-block-image size-full download_img\"><img loading=\"lazy\" decoding=\"async\" width=\"704\" height=\"352\" src=\"https:\/\/www.elastomer.kuraray.com\/es\/wp-content\/uploads\/sites\/5\/2024\/06\/4_Article_GAK_9_2010s.jpg\" alt=\"\" class=\"wp-image-914\" \/><\/figure>\n\n\n\n<h5 class=\"wp-block-heading\">Funktionalisierte fl\u00fcssige Kautschuke<\/h5>\n\n\n\n<div class=\"wp-block-file download_link\"><a href=\"https:\/\/www.elastomer.kuraray.com\/es\/wp-content\/uploads\/sites\/5\/2024\/06\/4_Article_GAK_9_2010s.pdf\" class=\"wp-block-file__button wp-element-button\" download>Download<\/a><\/div>\n<\/div><\/div>\n\n\n\n<div class=\"wp-block-group tile_download has-pale-cyan-blue-background-color has-background\"><div class=\"wp-block-group__inner-container is-layout-flow wp-block-group-is-layout-flow\">\n<figure class=\"wp-block-image size-full download_img\"><img loading=\"lazy\" decoding=\"async\" width=\"704\" height=\"352\" src=\"https:\/\/www.elastomer.kuraray.com\/es\/wp-content\/uploads\/sites\/5\/2024\/06\/5_Article_GAK_10_2011s.jpg\" alt=\"\" class=\"wp-image-913\" \/><\/figure>\n\n\n\n<h5 class=\"wp-block-heading\">Effekte von co-vulkanisierbaren Weichmachern<\/h5>\n\n\n\n<div class=\"wp-block-file download_link\"><a href=\"https:\/\/www.elastomer.kuraray.com\/es\/wp-content\/uploads\/sites\/5\/2024\/06\/5_Article_GAK_10_2011s.pdf\" class=\"wp-block-file__button wp-element-button\" download>Download<\/a><\/div>\n<\/div><\/div>\n\n\n\n<div class=\"wp-block-group tile_download has-pale-cyan-blue-background-color has-background\"><div class=\"wp-block-group__inner-container is-layout-flow wp-block-group-is-layout-flow\">\n<figure class=\"wp-block-image size-full download_img\"><img loading=\"lazy\" decoding=\"async\" width=\"704\" height=\"352\" src=\"https:\/\/www.elastomer.kuraray.com\/es\/wp-content\/uploads\/sites\/5\/2024\/06\/6_Article_PUM_5_2010s.jpg\" alt=\"\" class=\"wp-image-912\" \/><\/figure>\n\n\n\n<h5 class=\"wp-block-heading\">TPUs mit konstanter Schmelzviskosit\u00e4t<\/h5>\n\n\n\n<div class=\"wp-block-file download_link\"><a href=\"https:\/\/www.elastomer.kuraray.com\/es\/wp-content\/uploads\/sites\/5\/2024\/06\/6_Article_PUM_5_2010s.pdf\" class=\"wp-block-file__button wp-element-button\" download>Download<\/a><\/div>\n<\/div><\/div>\n<\/div><\/div>\n","protected":false},"excerpt":{"rendered":"<p>Publications German Neue Polymere f\u00fcr nachhaltigere Produkte SEPTON V- Ein HSBC (hydrogenated styrenic block co-ploymer) mit reaktiven Hart-Bl\u00f6cken Fl\u00fcssigkautschuke (LIR) als vernetzbare Weichmacher Funktionalisierte fl\u00fcssige Kautschuke Effekte von co-vulkanisierbaren Weichmachern TPUs mit konstanter Schmelzviskosit\u00e4t<br class=\"break-more-link\"><br class=\"break-more-link\"><a href=\"https:\/\/www.elastomer.kuraray.com\/es\/downloads\/publications-german\/\" class=\"more-link\">Leer m\u00e1s<\/a><\/p>\n","protected":false},"author":7,"featured_media":137,"parent":121,"menu_order":0,"comment_status":"closed","ping_status":"closed","template":"","meta":{"_acf_changed":false,"footnotes":""},"class_list":["post-139","page","type-page","status-publish","has-post-thumbnail","hentry"],"acf":[],"_links":{"self":[{"href":"https:\/\/www.elastomer.kuraray.com\/es\/wp-json\/wp\/v2\/pages\/139","targetHints":{"allow":["GET"]}}],"collection":[{"href":"https:\/\/www.elastomer.kuraray.com\/es\/wp-json\/wp\/v2\/pages"}],"about":[{"href":"https:\/\/www.elastomer.kuraray.com\/es\/wp-json\/wp\/v2\/types\/page"}],"author":[{"embeddable":true,"href":"https:\/\/www.elastomer.kuraray.com\/es\/wp-json\/wp\/v2\/users\/7"}],"replies":[{"embeddable":true,"href":"https:\/\/www.elastomer.kuraray.com\/es\/wp-json\/wp\/v2\/comments?post=139"}],"version-history":[{"count":0,"href":"https:\/\/www.elastomer.kuraray.com\/es\/wp-json\/wp\/v2\/pages\/139\/revisions"}],"up":[{"embeddable":true,"href":"https:\/\/www.elastomer.kuraray.com\/es\/wp-json\/wp\/v2\/pages\/121"}],"wp:featuredmedia":[{"embeddable":true,"href":"https:\/\/www.elastomer.kuraray.com\/es\/wp-json\/wp\/v2\/media\/137"}],"wp:attachment":[{"href":"https:\/\/www.elastomer.kuraray.com\/es\/wp-json\/wp\/v2\/media?parent=139"}],"curies":[{"name":"wp","href":"https:\/\/api.w.org\/{rel}","templated":true}]}}