{"id":132,"date":"2021-03-25T13:44:37","date_gmt":"2021-03-25T12:44:37","guid":{"rendered":"https:\/\/www.elastomer.kuraray.com\/es\/products\/septon-v-series\/"},"modified":"2024-06-06T15:13:07","modified_gmt":"2024-06-06T13:13:07","slug":"septon-v-series","status":"publish","type":"page","link":"https:\/\/www.elastomer.kuraray.com\/es\/products\/septon-v-series\/","title":{"rendered":"SEPTON\u2122 V-series"},"content":{"rendered":"\n<div class=\"circle_b bg_orange circle_left\"><\/div>\n\n\n\n<div class=\"wp-block-columns has-light-green-cyan-background-color has-background is-layout-flex wp-container-core-columns-is-layout-9d6595d7 wp-block-columns-is-layout-flex\">\n<div class=\"wp-block-column col_short is-layout-flow wp-block-column-is-layout-flow\">\n<h1 class=\"wp-block-heading\">SEPTON\u2122 V-series: el SBC vulcanizable<\/h1>\n\n\n\n<div class=\"wp-block-group holder_author has-light-green-cyan-background-color has-background\"><div class=\"wp-block-group__inner-container is-layout-constrained wp-block-group-is-layout-constrained\"><div class=\"wp-block-post-author\"><div class=\"wp-block-post-author__content\"><p class=\"wp-block-post-author__byline\">Autor<\/p><p class=\"wp-block-post-author__name\"><a href=\"https:\/\/www.elastomer.kuraray.com\/es\/author\/robin-conrad\/\" target=\"_self\">Robin Conrad<\/a><\/p><\/div><\/div><\/div><\/div>\n\n\n\n<p class=\"copy_big\">SEPTON\u2122 es una serie de elast\u00f3meros termopl\u00e1sticos estir\u00e9nicos hidrogenados (HSBCs) que se usa en un gran n\u00famero de compuestos de TPE y puede procesarse en una amplia variedad de formas. Los grados espec\u00edficos son certificados y usados en productos de consumo, aplicaciones m\u00e9dicas, de movilidad y de modificaci\u00f3n de aceite. Estos TPE estir\u00e9nicos cubren una amplia gama de aplicaciones, incluidos compuestos, modificaci\u00f3n de pol\u00edmeros, adhesivos, sustitutos de PVC flexible y productos amortiguadores de vibraci\u00f3n.<\/p>\n\n\n\n<p class=\"copy_big\">El HSBC se compone de bloques duros de estireno y un bloque blando de dieno hidrogenado. Los HSBC presentan elasticidad tipo caucho, ya que el bloque duro act\u00faa como un punto de entrelazamiento cruzado por debajo de la temperatura de transici\u00f3n de vidrio del poliestireno y el bloque blando brinda elasticidad. La hidrogenaci\u00f3n genera excelente resistencia al calor y al medio ambiente.<\/p>\n\n\n\n<p class=\"copy_big\">Sin embargo, el mercado exige y requiere elast\u00f3meros termopl\u00e1sticos que sean ideales para condiciones de operaci\u00f3n particularmente duras, tales como temperaturas extremadamente altas. Para algunas aplicaciones, la resistencia al aceite de los TPE actuales no es suficiente.<\/p>\n\n\n\n<p class=\"copy_big\">Para mejorar la temperatura y resistencia al aceite de los elast\u00f3meros termopl\u00e1sticos (TPE), Kuraray desarroll\u00f3 SEPTON\u2122 V-series, un innovador copol\u00edmero de bloque de estireno (SBC). La \u201cV\u201d significa \u201cvulcanizable\u201d y hace referencia a los bloques duros reticulables de SEPTON\u2122 V-series. Una vez que los bloques duros se enlazan de forma cruzada, el material adquiere mejores caracter\u00edsticas de rendimiento bajo calor extremo que un compuesto basado en copol\u00edmeros de bloque estir\u00e9nicos convencional.<\/p>\n\n\n\n<p class=\"copy_big\">En SEPTON\u2122 V-series, la estructura de los bloques duros del elast\u00f3mero estireno ha sido modificada para cumplir estos requerimientos especiales. El copol\u00edmero de bloque tiene bloques duros y bloques blandos vulcanizables. SEPTON\u2122 V-series reticulado presenta excelente resistencia al calor, conjunto de compresi\u00f3n de largo plazo y resistencia al aceite, al mismo tiempo que conserva sus propiedades el\u00e1sticas y cumple las propiedades de temperatura baja, generadas por los bloques duros vulcanizados.<\/p>\n<\/div>\n\n\n\n<div class=\"wp-block-column is-layout-flow wp-block-column-is-layout-flow\">\n<figure class=\"wp-block-image size-full\"><img loading=\"lazy\" decoding=\"async\" width=\"1480\" height=\"832\" src=\"https:\/\/www.elastomer.kuraray.com\/es\/wp-content\/uploads\/sites\/5\/2024\/04\/septon-v-vulcanizable-sbc-infographic.jpeg\" alt=\"\" class=\"wp-image-396\" srcset=\"https:\/\/www.elastomer.kuraray.com\/es\/wp-content\/uploads\/sites\/5\/2024\/04\/septon-v-vulcanizable-sbc-infographic.jpeg 1480w, https:\/\/www.elastomer.kuraray.com\/es\/wp-content\/uploads\/sites\/5\/2024\/04\/septon-v-vulcanizable-sbc-infographic-768x432.jpeg 768w\" sizes=\"auto, (max-width: 1480px) 100vw, 1480px\" \/><figcaption class=\"wp-element-caption\">Izquierda: SEPTON\u2122 V-series antes de la vulcanizaci\u00f3n. Derecha: SEPTON\u2122 V-series vulcanizado din\u00e1micamente.<\/figcaption><\/figure>\n\n\n\n<div style=\"height:40px\" aria-hidden=\"true\" class=\"wp-block-spacer\"><\/div>\n\n\n\n<figure class=\"wp-block-image size-full\"><img loading=\"lazy\" decoding=\"async\" width=\"740\" height=\"416\" src=\"https:\/\/www.elastomer.kuraray.com\/es\/wp-content\/uploads\/sites\/5\/2024\/04\/septon-v-excellent-temperature-chemical-resistance.jpeg\" alt=\"\" class=\"wp-image-394\"\/><figcaption class=\"wp-element-caption\">SEPTON\u2122 V-series muestra excelente resistencia a la temperatura y resistencia qu\u00edmica.<\/figcaption><\/figure>\n<\/div>\n<\/div>\n\n\n\n<div class=\"wp-block-columns col_benefits has-pale-cyan-blue-background-color has-background is-layout-flex wp-container-core-columns-is-layout-9d6595d7 wp-block-columns-is-layout-flex\">\n<div class=\"wp-block-column is-layout-flow wp-block-column-is-layout-flow\">\n<figure class=\"wp-block-image size-full icon_benefit\"><img decoding=\"async\" src=\"https:\/\/www.elastomer.kuraray.com\/es\/wp-content\/uploads\/sites\/5\/2024\/04\/icon_benefit.svg\" alt=\"\" class=\"wp-image-308\"\/><\/figure>\n\n\n\n<div class=\"wp-block-group tile_white tile_benefit has-white-background-color has-background\"><div class=\"wp-block-group__inner-container is-layout-flow wp-block-group-is-layout-flow\">\n<h4 class=\"wp-block-heading has-text-color\" style=\"color:#00b0e9\">Caracter\u00edsticas y beneficios<\/h4>\n\n\n\n<ul class=\"wp-block-list\">\n<li>Ideal para vulcanizaci\u00f3n din\u00e1mica<\/li>\n\n\n\n<li>Resistencia al calor<\/li>\n\n\n\n<li>Conjunto de compresi\u00f3n estable de largo plazo<\/li>\n\n\n\n<li>Resistencia qu\u00edmica y al aceite<\/li>\n\n\n\n<li>Mayor elongaci\u00f3n a la rotura<\/li>\n\n\n\n<li>Mejor procesabilidad que EPDM<\/li>\n<\/ul>\n<\/div><\/div>\n<\/div>\n\n\n\n<div class=\"wp-block-column is-layout-flow wp-block-column-is-layout-flow\">\n<figure class=\"wp-block-image size-full icon_benefit\"><img decoding=\"async\" src=\"https:\/\/www.elastomer.kuraray.com\/es\/wp-content\/uploads\/sites\/5\/2024\/04\/icon_applications.svg\" alt=\"\" class=\"wp-image-307\"\/><\/figure>\n\n\n\n<div class=\"wp-block-group tile_white tile_benefit has-white-background-color has-background\"><div class=\"wp-block-group__inner-container is-layout-flow wp-block-group-is-layout-flow\">\n<h4 class=\"wp-block-heading has-text-color\" style=\"color:#00b0e9\">Aplicaciones<\/h4>\n\n\n\n<ul class=\"wp-block-list\">\n<li>Industria y construcci\u00f3n<\/li>\n\n\n\n<li>Movilidad<\/li>\n<\/ul>\n<\/div><\/div>\n<\/div>\n<\/div>\n\n\n\n<div class=\"wp-block-columns has-luminous-vivid-amber-background-color has-background is-layout-flex wp-container-core-columns-is-layout-9d6595d7 wp-block-columns-is-layout-flex\">\n<div class=\"wp-block-column col_short is-layout-flow wp-block-column-is-layout-flow\">\n<p>Las propiedades mec\u00e1nicas del caucho solo se pueden lograr mediante la vulcanizaci\u00f3n. La vulcanizaci\u00f3n din\u00e1mica de SEPTON\u2122 V-series puede reemplazar el paso de vulcanizaci\u00f3n costosa y demandante que ser\u00eda necesaria ante un procesamiento normal de caucho. Esto hace de SEPTON\u2122 V-series una alternativa interesante para EPDM y TPV, con el beneficio de tener la buena procesabilidad de un TPE.<\/p>\n\n\n\n<p>La habilidad de Kuraray de satisfacer las necesidades de aplicaciones de compuestos permite tanto a los bloques duros como a los bloques blandos tener un enlace cruzado din\u00e1mico, mientras que SSEPTON\u2122 V-series se encuentra en la l\u00ednea de extrusi\u00f3n. Para los clientes interesados en la vulcanizaci\u00f3n din\u00e1mica, Kuraray puede compartir su experiencia sin inconvenientes.<\/p>\n\n\n\n<p>La vulcanizaci\u00f3n din\u00e1mica crea compuestos con mayor resistencia al aceite y al calor (en especial con valores bajos de conjunto de compresi\u00f3n en temperaturas elevadas). Estos compuestos son ideales para mercados donde se usa el caucho vulcanizado, tales como materiales de sellado automotriz y estructurales (por ejemplo, en las piezas del motor), donde los TPE convencionales se pueden fundir. Los compuestos vulcanizados de SEPTON\u2122 V-series tienen bajos niveles de conjunto de compresi\u00f3n despu\u00e9s de 1,000 horas o m\u00e1s.<\/p>\n<\/div>\n\n\n\n<div class=\"wp-block-column is-layout-flow wp-block-column-is-layout-flow\">\n<figure class=\"wp-block-image size-full\"><img loading=\"lazy\" decoding=\"async\" width=\"740\" height=\"416\" src=\"https:\/\/www.elastomer.kuraray.com\/es\/wp-content\/uploads\/sites\/5\/2024\/04\/septon-v-underhood-applications.jpeg\" alt=\"\" class=\"wp-image-395\"\/><figcaption class=\"wp-element-caption\">SEPTON\u2122 V-series es ideal para usarse en aplicaciones del motor de un autom\u00f3vil.<\/figcaption><\/figure>\n<\/div>\n<\/div>\n\n\n\n<div id=\"contact\" class=\"wp-block-group holder_contact has-cyan-bluish-gray-background-color has-background\"><div class=\"wp-block-group__inner-container is-layout-flow wp-block-group-is-layout-flow\">\n<p class=\"heading_contact\">Contacto<\/p>\n\n\n\n<form class=\"contact_form\" name=\"contact_form\" method=\"post\" onsubmit=\"return validateForm(this);\">\n<div class=\"form-group\">\n<label>Compa\u00f1\u00eda *<\/label> \n<input type=\"text\" class=\"form-control\" name=\"company\" placeholder=\"\" required=\"required\">\n<\/div>\n\n<div class=\"form-group\">\n<label>Pa\u00eds *<\/label> \n<select class=\"form-control\" name=\"country\" required=\"required\">\n<option value=\"\">Selecciona tu pa\u00eds&#8230;<\/option>\n<option value=\"Afghanistan\">Afghanistan<\/option>\n<option value=\"Aland Islands\">Aland Islands<\/option>\n<option value=\"Albania\">Albania<\/option>\n<option value=\"Algeria\">Algeria<\/option>\n<option value=\"American Samoa\">American Samoa<\/option>\n<option value=\"Andorra\">Andorra<\/option>\n<option value=\"Angola\">Angola<\/option>\n<option value=\"Anguilla\">Anguilla<\/option>\n<option value=\"Antigua and Barbuda\">Antigua and Barbuda<\/option>\n<option value=\"Argentina\">Argentina<\/option>\n<option value=\"Armenia\">Armenia<\/option>\n<option value=\"Aruba\">Aruba<\/option>\n<option value=\"Australia\">Australia<\/option>\n<option value=\"Austria\">Austria<\/option>\n<option value=\"Azerbaijan\">Azerbaijan<\/option>\n<option value=\"Bahamas\">Bahamas<\/option>\n<option value=\"Bahrain\">Bahrain<\/option>\n<option value=\"Bangladesh\">Bangladesh<\/option>\n<option value=\"Barbados\">Barbados<\/option>\n<option value=\"Belarus\">Belarus<\/option>\n<option value=\"Belgium\">Belgium<\/option>\n<option value=\"Belize\">Belize<\/option>\n<option value=\"Benin\">Benin<\/option>\n<option value=\"Bermuda\">Bermuda<\/option>\n<option value=\"Bhutan\">Bhutan<\/option>\n<option value=\"Bolivia\">Bolivia<\/option>\n<option value=\"Bonaire\">Bonaire<\/option>\n<option value=\"Bosnia and Herzegovina\">Bosnia and Herzegovina<\/option>\n<option value=\"Botswana\">Botswana<\/option>\n<option value=\"Bouvet Island\">Bouvet Island<\/option>\n<option value=\"Brazil\">Brazil<\/option>\n<option value=\"British Indian Ocean Territory\">British Indian Ocean Territory<\/option>\n<option value=\"Brunei Darussalam\">Brunei Darussalam<\/option>\n<option value=\"Bulgaria\">Bulgaria<\/option>\n<option value=\"Burkina Faso\">Burkina Faso<\/option>\n<option value=\"Burundi\">Burundi<\/option>\n<option value=\"Cambodia\">Cambodia<\/option>\n<option value=\"Cameroon\">Cameroon<\/option>\n<option value=\"Canada\">Canada<\/option>\n<option value=\"Cape Verde\">Cape Verde<\/option>\n<option value=\"Cayman Islands\">Cayman Islands<\/option>\n<option value=\"Central African Republic\">Central African Republic<\/option>\n<option value=\"Chad\">Chad<\/option>\n<option value=\"Chile\">Chile<\/option>\n<option value=\"China\">China<\/option>\n<option value=\"Christmas Island\">Christmas Island<\/option>\n<option value=\"Cocos (Keeling) Islands\">Cocos (Keeling) Islands<\/option>\n<option value=\"Colombia\">Colombia<\/option>\n<option value=\"Comoros\">Comoros<\/option>\n<option value=\"Congo\">Congo<\/option>\n<option value=\"Cook Islands\">Cook Islands<\/option>\n<option value=\"Costa Rica\">Costa Rica<\/option>\n<option value=\"Cote d'Ivoire\">Cote d&#8217;Ivoire<\/option>\n<option value=\"Croatia\">Croatia<\/option>\n<option value=\"Cuba\">Cuba<\/option>\n<option value=\"Curacao\">Curacao<\/option>\n<option value=\"Cyprus\">Cyprus<\/option>\n<option value=\"Czech Republic\">Czech Republic<\/option>\n<option value=\"Democratic Republic of the Congo\">Democratic Republic of the Congo<\/option>\n<option value=\"Denmark\">Denmark<\/option>\n<option value=\"Djibouti\">Djibouti<\/option>\n<option value=\"Dominica\">Dominica<\/option>\n<option value=\"Dominican Republic\">Dominican Republic<\/option>\n<option value=\"Ecuador\">Ecuador<\/option>\n<option value=\"Egypt\">Egypt<\/option>\n<option value=\"El Salvador\">El Salvador<\/option>\n<option value=\"Equatorial Guinea\">Equatorial Guinea<\/option>\n<option value=\"Eritrea\">Eritrea<\/option>\n<option value=\"Estonia\">Estonia <\/option>\n<option value=\"Eswatini\">Eswatini<\/option>\n<option value=\"Ethiopia\">Ethiopia<\/option>\n<option value=\"Falkland Islands (Malvinas)\">Falkland Islands (Malvinas)<\/option>\n<option value=\"Faroe Islands\">Faroe Islands<\/option>\n<option value=\"Fiji\">Fiji<\/option>\n<option value=\"Finland\">Finland<\/option>\n<option value=\"France\">France<\/option>\n<option value=\"French Guiana\">French Guiana<\/option>\n<option value=\"French Polynesia\">French Polynesia<\/option>\n<option value=\"French Southern Territories\">French Southern Territories<\/option>\n<option value=\"Gabon\">Gabon<\/option>\n<option value=\"Gambia\">Gambia<\/option>\n<option value=\"Georgia\">Georgia<\/option>\n<option value=\"Germany\">Germany<\/option>\n<option value=\"Ghana\">Ghana<\/option>\n<option value=\"Gibraltar\">Gibraltar<\/option>\n<option value=\"Greece\">Greece<\/option>\n<option value=\"Greenland\">Greenland<\/option>\n<option value=\"Grenada\">Grenada<\/option>\n<option value=\"Guadeloupe\">Guadeloupe<\/option>\n<option value=\"Guam\">Guam<\/option>\n<option value=\"Guatemala\">Guatemala<\/option>\n<option value=\"Guernsey\">Guernsey<\/option>\n<option value=\"Guinea\">Guinea<\/option>\n<option value=\"Guinea-Bissau\">Guinea-Bissau<\/option>\n<option value=\"Guyana\">Guyana<\/option>\n<option value=\"Haiti\">Haiti<\/option>\n<option value=\"Heard Island and McDonald Islands\">Heard Island and McDonald Islands<\/option>\n<option value=\"Holy See (Vatican City State)\">Holy See (Vatican City State)<\/option>\n<option value=\"Honduras\">Honduras<\/option>\n<option value=\"Hong Kong\">Hong Kong<\/option>\n<option value=\"Hungary\">Hungary<\/option>\n<option value=\"Iceland\">Iceland<\/option>\n<option value=\"India\">India<\/option>\n<option value=\"Indonesia\">Indonesia<\/option>\n<option value=\"Iran\">Iran<\/option>\n<option value=\"Iraq\">Iraq<\/option>\n<option value=\"Ireland\">Ireland<\/option>\n<option value=\"Isle of Man\">Isle of Man<\/option>\n<option value=\"Israel\">Israel<\/option>\n<option value=\"Italy\">Italy<\/option>\n<option value=\"Jamaica\">Jamaica<\/option>\n<option value=\"Japan\">Japan<\/option>\n<option value=\"Jersey\">Jersey<\/option>\n<option value=\"Jordan\">Jordan<\/option>\n<option value=\"Kazakhstan\">Kazakhstan<\/option>\n<option value=\"Kenya\">Kenya<\/option>\n<option value=\"Kiribati\">Kiribati<\/option>\n<option value=\"Korea, Democratic People's Republic of\">Korea, Democratic People&#8217;s Republic of<\/option>\n<option value=\"Korea, Republic of\">Korea(Republic of Korea)<\/option>\n<option value=\"Kosovo\">Kosovo<\/option>\n<option value=\"Kuwait\">Kuwait<\/option>\n<option value=\"Kyrgyzstan\">Kyrgyzstan<\/option>\n<option value=\"Lao People's Democratic Republic\">Lao People&#8217;s Democratic Republic<\/option>\n<option value=\"Latvia\">Latvia<\/option>\n<option value=\"Lebanon\">Lebanon<\/option>\n<option value=\"Lesotho\">Lesotho<\/option>\n<option value=\"Liberia\">Liberia<\/option>\n<option value=\"Libya\">Libya<\/option>\n<option value=\"Liechtenstein\">Liechtenstein<\/option>\n<option value=\"Lithuania\">Lithuania<\/option>\n<option value=\"Luxembourg\">Luxembourg<\/option>\n<option value=\"Macau\">Macau<\/option>\n<option value=\"Macedonia\">Macedonia<\/option>\n<option value=\"Madagascar\">Madagascar<\/option>\n<option value=\"Malawi\">Malawi<\/option>\n<option value=\"Malaysia\">Malaysia<\/option>\n<option value=\"Maldives\">Maldives<\/option>\n<option value=\"Mali\">Mali<\/option>\n<option value=\"Malta\">Malta<\/option>\n<option value=\"Marshall Islands\">Marshall Islands<\/option>\n<option value=\"Martinique\">Martinique<\/option>\n<option value=\"Mauritania\">Mauritania<\/option>\n<option value=\"Mauritius\">Mauritius<\/option>\n<option value=\"Mayotte\">Mayotte<\/option>\n<option value=\"Mexico\">Mexico<\/option>\n<option value=\"Micronesia\">Micronesia<\/option>\n<option value=\"Moldova\">Moldova<\/option>\n<option value=\"Monaco\">Monaco<\/option>\n<option value=\"Mongolia\">Mongolia<\/option>\n<option value=\"Montenegro\">Montenegro<\/option>\n<option value=\"Montserrat\">Montserrat<\/option>\n<option value=\"Morocco\">Morocco<\/option>\n<option value=\"Mozambique\">Mozambique<\/option>\n<option value=\"Myanmar\">Myanmar<\/option>\n<option value=\"Namibia\">Namibia<\/option>\n<option value=\"Nauru\">Nauru<\/option>\n<option value=\"Nepal\">Nepal<\/option>\n<option value=\"Netherlands\">Netherlands<\/option>\n<option value=\"New Caledonia\">New Caledonia<\/option>\n<option value=\"New Zealand\">New Zealand<\/option>\n<option value=\"Nicaragua\">Nicaragua<\/option>\n<option value=\"Niger\">Niger<\/option>\n<option value=\"Nigeria\">Nigeria<\/option>\n<option value=\"Niue\">Niue<\/option>\n<option value=\"Norfolk Island\">Norfolk Island<\/option>\n<option value=\"Northern Mariana Islands\">Northern Mariana Islands<\/option>\n<option value=\"Norway\">Norway<\/option>\n<option value=\"Oman\">Oman<\/option>\n<option value=\"Pakistan\">Pakistan<\/option>\n<option value=\"Palau\">Palau<\/option>\n<option value=\"Palestinian Territory\">Palestinian Territory<\/option>\n<option value=\"Panama\">Panama<\/option>\n<option value=\"Papua New Guinea\">Papua New Guinea<\/option>\n<option value=\"Paraguay\">Paraguay<\/option>\n<option value=\"Peru\">Peru<\/option>\n<option value=\"Philippines\">Philippines<\/option>\n<option value=\"Pitcairn\">Pitcairn<\/option>\n<option value=\"Poland\">Poland<\/option>\n<option value=\"Portugal\">Portugal<\/option>\n<option value=\"Puerto Rico\">Puerto Rico<\/option>\n<option value=\"Qatar\">Qatar<\/option>\n<option value=\"Reunion\">Reunion<\/option>\n<option value=\"Romania\">Romania<\/option>\n<option value=\"Russian Federation\">Russian Federation<\/option>\n<option value=\"Rwanda\">Rwanda<\/option>\n<option value=\"Saint Barthelemy\">Saint Barthelemy<\/option>\n<option value=\"Saint Helena\">Saint Helena<\/option>\n<option value=\"Saint Kitts and Nevis\">Saint Kitts and Nevis<\/option>\n<option value=\"Saint Lucia\">Saint Lucia<\/option>\n<option value=\"Saint Martin (French part)\">Saint Martin (French part)<\/option>\n<option value=\"Saint Pierre and Miquelon\">Saint Pierre and Miquelon<\/option>\n<option value=\"Saint Vincent and the Grenadines\">Saint Vincent and the Grenadines<\/option>\n<option value=\"Samoa\">Samoa<\/option>\n<option value=\"San Marino\">San Marino<\/option>\n<option value=\"Sao Tome and Principe\">Sao Tome and Principe<\/option>\n<option value=\"Saudi Arabia\">Saudi Arabia<\/option>\n<option value=\"Senegal\">Senegal<\/option>\n<option value=\"Serbia\">Serbia<\/option>\n<option value=\"Seychelles\">Seychelles<\/option>\n<option value=\"Sierra Leone\">Sierra Leone<\/option>\n<option value=\"Singapore\">Singapore<\/option>\n<option value=\"Sint Maarten (Dutch part)\">Sint Maarten (Dutch part)<\/option>\n<option value=\"Slovakia\">Slovakia<\/option>\n<option value=\"Slovenia\">Slovenia<\/option>\n<option value=\"Solomon Islands\">Solomon Islands<\/option>\n<option value=\"Somalia\">Somalia<\/option>\n<option value=\"South Africa\">South Africa<\/option>\n<option value=\"South Georgia and the South Sandwich Isl\">South Georgia and the South Sandwich Isl<\/option>\n<option value=\"South Sudan\">South Sudan<\/option>\n<option value=\"Spain\">Spain<\/option>\n<option value=\"Sri Lanka\">Sri Lanka<\/option>\n<option value=\"Sudan\">Sudan<\/option>\n<option value=\"Suriname\">Suriname<\/option>\n<option value=\"Svalbard and Jan Mayen\">Svalbard and Jan Mayen<\/option>\n<option value=\"Sweden\">Sweden<\/option>\n<option value=\"Switzerland\">Switzerland<\/option>\n<option value=\"Syrian Arab Republic\">Syrian Arab Republic<\/option>\n<option value=\"Taiwan\">Taiwan<\/option>\n<option value=\"Tajikistan\">Tajikistan<\/option>\n<option value=\"Tanzania\">Tanzania<\/option>\n<option value=\"Thailand\">Thailand<\/option>\n<option value=\"Timor-Leste\">Timor-Leste<\/option>\n<option value=\"Togo\">Togo<\/option>\n<option value=\"Tokelau\">Tokelau<\/option>\n<option value=\"Tonga\">Tonga<\/option>\n<option value=\"Trinidad and Tobago\">Trinidad and Tobago<\/option>\n<option value=\"Tunisia\">Tunisia<\/option>\n<option value=\"Turkey\">Turkey<\/option>\n<option value=\"Turkmenistan\">Turkmenistan<\/option>\n<option value=\"Turks and Caicos Islands\">Turks and Caicos Islands<\/option>\n<option value=\"Tuvalu\">Tuvalu<\/option>\n<option value=\"Uganda\">Uganda<\/option>\n<option value=\"Ukraine\">Ukraine<\/option>\n<option value=\"United Arab Emirates\">United Arab Emirates<\/option>\n<option value=\"United Kingdom\">United Kingdom<\/option>\n<option value=\"United States\">United States<\/option>\n<option value=\"United States Minor Outlying Islands\">United States Minor Outlying Islands<\/option>\n<option value=\"Uruguay\">Uruguay<\/option>\n<option value=\"Uzbekistan\">Uzbekistan<\/option>\n<option value=\"Vanuatu\">Vanuatu<\/option>\n<option value=\"Venezuela\">Venezuela<\/option>\n<option value=\"Viet Nam\">Viet Nam<\/option>\n<option value=\"Virgin Islands, British\">Virgin Islands, British<\/option>\n<option value=\"Virgin Islands, U.S.\">Virgin Islands, U.S.<\/option>\n<option value=\"Wallis and Futuna\">Wallis and Futuna<\/option>\n<option value=\"Western Sahara\">Western Sahara<\/option>\n<option value=\"Yemen\">Yemen<\/option>\n<option value=\"Zambia\">Zambia<\/option>\n<option value=\"Zimbabwe\">Zimbabwe<\/option>\n<\/select>\n<\/div>\n\n<div class=\"form-group\">\n<label>Nombre *<\/label>\n<input type=\"text\" class=\"form-control\" name=\"first_name\" placeholder=\"\" required=\"required\">\n<\/div>\n\n<div class=\"form-group\">\n<label>Apellidos *<\/label>\n<input type=\"text\" class=\"form-control\" name=\"last_name\" placeholder=\"\" required=\"required\">\n<\/div>\n\n<div class=\"form-group\">\n<label>Correo electr\u00f3nico *<\/label>\n<input type=\"email\" class=\"form-control\" name=\"email\" placeholder=\"\" required=\"required\">\n<\/div>\n\n<div class=\"form-group\">\n<label for=\"phone\">Numero telef\u00f3nico<\/label>\n<input type=\"tel\" class=\"form-control\" id=\"phone\" name=\"phone\"> \n<\/div>\n\n<div class=\"form-group\">\n<label>Mensaje *<\/label> \n<textarea class=\"form-control\" name=\"txt_Isp_Elas_Inquiry\" placeholder=\"\" required=\"required\"><\/textarea>\n<\/div>\n\n<div style=\"position:absolute; left:-9999px; top:-9999px\">\n<label for=\"pardot_extra_field\">Comments<\/label>\n<input type=\"text\" id=\"pardot_extra_field\" name=\"pardot_extra_field\">\n<\/div>\n  \n<div class=\"form-accepts\">\nConsulte el <a href=\"https:\/\/www.kuraray.com\/customer-privacy-notice\/\" target=\"blank\" rel=\"noopener\">Aviso de privacidad del cliente<\/a> para conocer el manejo de informaci\u00f3n personal por parte del Grupo Kuraray relacionado con actividades de ventas y marketing.<br>\nSi acepta el <a href=\"https:\/\/www.kuraray.com\/customer-privacy-notice\/\" target=\"blank\" rel=\"noopener\">Aviso de privacidad del cliente<\/a>, marque la casilla y env\u00ede su consulta.<br>\nConsulte la <a href=\"https:\/\/www.kuraray.com\/privacy\/\" target=\"blank\" rel=\"noopener\">Pol\u00edtica de privacidad<\/a> y la <a href=\"https:\/\/www.elastomer.kuraray.com\/cookie-policy\/\" target=\"blank\" rel=\"noopener\">Pol\u00edtica de cookies<\/a> para conocer el manejo de otra informaci\u00f3n personal.<br>\n<\/div>\n\n<div class=\"form-accepts\">\n<label class=\"switch\" for=\"checkbox\">\n     <input type=\"checkbox\" id=\"checkbox\" name=\"privacynotice\" value=\"true\" required=\"required\" oninvalid=\"this.setCustomValidity('Por favor, complete este campo.')\" onchange=\"this.setCustomValidity('')\">\n    <div class=\"slider round\"><\/div>\n  <\/label>\n <div class=\"switchlabel\"> Acepto el <a href=\"https:\/\/www.kuraray.com\/customer-privacy-notice\/\" target=\"blank\" rel=\"noopener\">Aviso de privacidad del cliente<\/a>. *<\/div>\n<\/div>\n  \n<div class=\"form-submit\">\n<div class=\"required footnote\">* Informaci\u00f3n necesaria<\/div>\n<input type=\"submit\" class=\"Submitbutton\" name=\"submit\" value=\"Enviar\">\n<\/div>\n<\/form>\n<\/div><\/div>\n","protected":false},"excerpt":{"rendered":"<p>SEPTON\u2122 V-series (vulcanizable) contiene bloques duros reticulantes. Esto brinda a los compuestos una gran resistencia al calor y conjunto de compresi\u00f3n de largo plazo.<br class=\"break-more-link\"><br class=\"break-more-link\"><a href=\"https:\/\/www.elastomer.kuraray.com\/es\/products\/septon-v-series\/\" class=\"more-link\">Leer m\u00e1s<\/a><\/p>\n","protected":false},"author":7,"featured_media":377,"parent":124,"menu_order":0,"comment_status":"closed","ping_status":"closed","template":"","meta":{"_acf_changed":true,"footnotes":""},"class_list":["post-132","page","type-page","status-publish","has-post-thumbnail","hentry"],"acf":[],"_links":{"self":[{"href":"https:\/\/www.elastomer.kuraray.com\/es\/wp-json\/wp\/v2\/pages\/132","targetHints":{"allow":["GET"]}}],"collection":[{"href":"https:\/\/www.elastomer.kuraray.com\/es\/wp-json\/wp\/v2\/pages"}],"about":[{"href":"https:\/\/www.elastomer.kuraray.com\/es\/wp-json\/wp\/v2\/types\/page"}],"author":[{"embeddable":true,"href":"https:\/\/www.elastomer.kuraray.com\/es\/wp-json\/wp\/v2\/users\/7"}],"replies":[{"embeddable":true,"href":"https:\/\/www.elastomer.kuraray.com\/es\/wp-json\/wp\/v2\/comments?post=132"}],"version-history":[{"count":0,"href":"https:\/\/www.elastomer.kuraray.com\/es\/wp-json\/wp\/v2\/pages\/132\/revisions"}],"up":[{"embeddable":true,"href":"https:\/\/www.elastomer.kuraray.com\/es\/wp-json\/wp\/v2\/pages\/124"}],"wp:featuredmedia":[{"embeddable":true,"href":"https:\/\/www.elastomer.kuraray.com\/es\/wp-json\/wp\/v2\/media\/377"}],"wp:attachment":[{"href":"https:\/\/www.elastomer.kuraray.com\/es\/wp-json\/wp\/v2\/media?parent=132"}],"curies":[{"name":"wp","href":"https:\/\/api.w.org\/{rel}","templated":true}]}}